{"id":26,"date":"2022-05-02T13:13:27","date_gmt":"2022-05-02T13:13:27","guid":{"rendered":"https:\/\/autoparkfb.de\/?page_id=26"},"modified":"2022-05-03T19:17:07","modified_gmt":"2022-05-03T19:17:07","slug":"startseite","status":"publish","type":"page","link":"https:\/\/autoparkfb.de\/","title":{"rendered":"Startseite"},"content":{"rendered":"\n<div class=\"wp-block-group alignwide has-black-color has-text-color\"><div class=\"wp-block-group__inner-container is-layout-flow wp-block-group-is-layout-flow\">\n<div class=\"wp-block-group\"><div class=\"wp-block-group__inner-container is-layout-flow wp-block-group-is-layout-flow\">\n<p class=\"has-white-color has-text-color\">DIE SEITE BEFINDET SICH IM AUFBAU<\/p>\n\n\n\n<p><strong>Die Autowerkstatt F&amp;B \u2013 wir sorgen f\u00fcr Ihre Sicherheit auf der Stra\u00dfe!<\/strong><br>Sie suchen eine kompetente, zuverl\u00e4ssige und vertrauensw\u00fcrdige Autowerkstatt in Berlin? Dann sind Sie bei uns genau richtig! Zu unserem Team z\u00e4hlen ausschlie\u00dflich erfahrene Spezialisten, die Sie professionell, ehrlich und ganz individuell beraten, wenn es um die Wartung, Reparatur und Aufwertung Ihres Fahrzeugs handelt.<br><br>Autoreparaturen erfolgen bei uns stets mit Ersatzteilen bester Qualit\u00e4t und mittels modernster Technik. Schnell und zuverl\u00e4ssig \u2013 denn Ihre Sicherheit ist unsere oberste Priorit\u00e4t!<br>Die Autowerkstatt Kraft bietet Ihnen <strong>sachgerechten Rundum-Service<\/strong> und sorgt daf\u00fcr, dass Sie immer komplikationsfrei durch den T\u00dcV kommen.<\/p>\n\n\n\n<p class=\"has-white-color has-text-color\">Lassen Sie sich von dem Leistungsportfolio unserer KFZ-Werkstatt inspirieren.<\/p>\n<\/div><\/div>\n<\/div><\/div>\n\n\n\n<div class=\"wp-block-group alignwide has-black-color has-text-color\"><div class=\"wp-block-group__inner-container is-layout-flow wp-block-group-is-layout-flow\">\n<div class=\"wp-block-group\"><div class=\"wp-block-group__inner-container is-layout-flow wp-block-group-is-layout-flow\">\n<h2 class=\"has-white-color has-text-color wp-block-heading\">Unser Leistungen:<\/h2>\n\n\n\n<p><strong>Autowerkstatt<\/strong><br>Wir sind spezialisiert auf die Reparatur von Blech und Motorsch\u00e4den und f\u00fchren f\u00fcr alle Fahrzeuge die vorgeschriebebnen Inspektionen durch. <br><\/p>\n\n\n\n<p class=\"has-white-color has-text-color\">Reifenservice:<br><\/p>\n\n\n\n<p class=\"has-white-color has-text-color\">Lackierservice:<\/p>\n\n\n\n<p><\/p>\n\n\n\n<p class=\"has-white-color has-text-color\">Autovermietung:<br><\/p>\n\n\n\n<p class=\"has-white-color has-text-color\"><\/p>\n<\/div><\/div>\n<\/div><\/div>\n","protected":false},"excerpt":{"rendered":"<p>DIE SEITE BEFINDET SICH IM AUFBAU Die Autowerkstatt F&amp;B \u2013 wir sorgen f\u00fcr Ihre Sicherheit auf der Stra\u00dfe!Sie suchen eine kompetente, zuverl\u00e4ssige und vertrauensw\u00fcrdige Autowerkstatt in Berlin? Dann sind Sie bei uns genau richtig! Zu unserem Team z\u00e4hlen ausschlie\u00dflich erfahrene Spezialisten, die Sie professionell, ehrlich und ganz individuell beraten, wenn es um die Wartung, Reparatur [&hellip;]<\/p>\n","protected":false},"author":1,"featured_media":0,"parent":0,"menu_order":0,"comment_status":"closed","ping_status":"closed","template":"templates\/home-template.php","meta":{"footnotes":""},"class_list":["post-26","page","type-page","status-publish","hentry"],"_links":{"self":[{"href":"https:\/\/autoparkfb.de\/index.php?rest_route=\/wp\/v2\/pages\/26","targetHints":{"allow":["GET"]}}],"collection":[{"href":"https:\/\/autoparkfb.de\/index.php?rest_route=\/wp\/v2\/pages"}],"about":[{"href":"https:\/\/autoparkfb.de\/index.php?rest_route=\/wp\/v2\/types\/page"}],"author":[{"embeddable":true,"href":"https:\/\/autoparkfb.de\/index.php?rest_route=\/wp\/v2\/users\/1"}],"replies":[{"embeddable":true,"href":"https:\/\/autoparkfb.de\/index.php?rest_route=%2Fwp%2Fv2%2Fcomments&post=26"}],"version-history":[{"count":21,"href":"https:\/\/autoparkfb.de\/index.php?rest_route=\/wp\/v2\/pages\/26\/revisions"}],"predecessor-version":[{"id":148,"href":"https:\/\/autoparkfb.de\/index.php?rest_route=\/wp\/v2\/pages\/26\/revisions\/148"}],"wp:attachment":[{"href":"https:\/\/autoparkfb.de\/index.php?rest_route=%2Fwp%2Fv2%2Fmedia&parent=26"}],"curies":[{"name":"wp","href":"https:\/\/api.w.org\/{rel}","templated":true}]}}