{"id":34,"date":"2022-05-02T13:21:30","date_gmt":"2022-05-02T13:21:30","guid":{"rendered":"https:\/\/autoparkfb.de\/?page_id=34"},"modified":"2022-05-03T18:37:23","modified_gmt":"2022-05-03T18:37:23","slug":"impressum","status":"publish","type":"page","link":"https:\/\/autoparkfb.de\/?page_id=34","title":{"rendered":"Impressum"},"content":{"rendered":"\n<div class=\"wp-block-group\"><div class=\"wp-block-group__inner-container is-layout-flow wp-block-group-is-layout-flow\">\n<div class=\"wp-block-group has-white-color has-text-color has-background\" style=\"background:linear-gradient(135deg,rgb(0,0,0) 0%,rgba(0,0,0,0.41) 100%)\"><div class=\"wp-block-group__inner-container is-layout-flow wp-block-group-is-layout-flow\">\n<h2 class=\"has-white-color has-text-color wp-block-heading\">Impressum<\/h2>\n\n\n\n<p>Verantwortlich gem\u00e4\u00df TMG:<\/p>\n\n\n\n<p>Caner Haciibrahim<\/p>\n\n\n\n<p>Autopark F&amp;B GmbH<\/p>\n\n\n\n<p>Altonaer Str. 85-99 Halle J1<\/p>\n\n\n\n<p>13581 Berlin<\/p>\n\n\n\n<p>Tel: +49 30 921 211 68<\/p>\n\n\n\n<p>Fax: +49 30 617 478 75<\/p>\n\n\n\n<p>Mail: <a href=\"mailto:info@autoparkfb.de\">info@autoparkfb.de<\/a><\/p>\n\n\n\n<p>Amtsgericht Charlottenburg (Berlin) HRB 201577 B<br>Steuernummer: <\/p>\n\n\n\n<h2 class=\"wp-block-heading\"><strong>Haftungsausschluss<\/strong><\/h2>\n\n\n\n<p>Der Autor \u00fcbernimmt keinerlei Gew\u00e4hr hinsichtlich der inhaltlichen Richtigkeit,&nbsp; Genauigkeit, Aktualit\u00e4t, Zuverl\u00e4ssigkeit und Vollst\u00e4ndigkeit der Informationen.<\/p>\n\n\n\n<p>Haftungsanspr\u00fcche gegen den Autor wegen Sch\u00e4den materieller oder immaterieller&nbsp; Art, welche aus dem Zugriff oder der Nutzung bzw. Nichtnutzung der ver\u00f6ffentlichten Informationen, durch Missbrauch der Verbindung oder durch technische St\u00f6rungen entstanden sind, werden ausgeschlossen.<\/p>\n\n\n\n<p>Alle Angebote sind unverbindlich. Der Autor beh\u00e4lt es sich ausdr\u00fccklich vor, Teile der&nbsp; Seiten oder das gesamte Angebot ohne gesonderte Ank\u00fcndigung zu ver\u00e4ndern, zu erg\u00e4nzen, zu l\u00f6schen oder die Ver\u00f6ffentlichung zeitweise oder endg\u00fcltig einzustellen.<\/p>\n\n\n\n<p><strong>Urheberrechte<\/strong><\/p>\n\n\n\n<p>F\u00fcr die Reproduktion jeglicher Elemente ist die schriftliche Zustimmung der Urheberrechtstr\u00e4ger im Voraus einzuholen.<\/p>\n<\/div><\/div>\n<\/div><\/div>\n","protected":false},"excerpt":{"rendered":"<p>Impressum Verantwortlich gem\u00e4\u00df TMG: Caner Haciibrahim Autopark F&amp;B GmbH Altonaer Str. 85-99 Halle J1 13581 Berlin Tel: +49 30 921 211 68 Fax: +49 30 617 478 75 Mail: info@autoparkfb.de Amtsgericht Charlottenburg (Berlin) HRB 201577 BSteuernummer: Haftungsausschluss Der Autor \u00fcbernimmt keinerlei Gew\u00e4hr hinsichtlich der inhaltlichen Richtigkeit,&nbsp; Genauigkeit, Aktualit\u00e4t, Zuverl\u00e4ssigkeit und Vollst\u00e4ndigkeit der Informationen. Haftungsanspr\u00fcche gegen [&hellip;]<\/p>\n","protected":false},"author":1,"featured_media":0,"parent":0,"menu_order":0,"comment_status":"closed","ping_status":"closed","template":"","meta":{"footnotes":""},"class_list":["post-34","page","type-page","status-publish","hentry"],"_links":{"self":[{"href":"https:\/\/autoparkfb.de\/index.php?rest_route=\/wp\/v2\/pages\/34","targetHints":{"allow":["GET"]}}],"collection":[{"href":"https:\/\/autoparkfb.de\/index.php?rest_route=\/wp\/v2\/pages"}],"about":[{"href":"https:\/\/autoparkfb.de\/index.php?rest_route=\/wp\/v2\/types\/page"}],"author":[{"embeddable":true,"href":"https:\/\/autoparkfb.de\/index.php?rest_route=\/wp\/v2\/users\/1"}],"replies":[{"embeddable":true,"href":"https:\/\/autoparkfb.de\/index.php?rest_route=%2Fwp%2Fv2%2Fcomments&post=34"}],"version-history":[{"count":7,"href":"https:\/\/autoparkfb.de\/index.php?rest_route=\/wp\/v2\/pages\/34\/revisions"}],"predecessor-version":[{"id":209,"href":"https:\/\/autoparkfb.de\/index.php?rest_route=\/wp\/v2\/pages\/34\/revisions\/209"}],"wp:attachment":[{"href":"https:\/\/autoparkfb.de\/index.php?rest_route=%2Fwp%2Fv2%2Fmedia&parent=34"}],"curies":[{"name":"wp","href":"https:\/\/api.w.org\/{rel}","templated":true}]}}